{"id":117,"date":"2025-04-06T21:31:03","date_gmt":"2025-04-06T19:31:03","guid":{"rendered":"https:\/\/vagliademocratica.it\/?page_id=117"},"modified":"2025-04-06T21:50:02","modified_gmt":"2025-04-06T19:50:02","slug":"informativa-sui-cookies-2","status":"publish","type":"page","link":"https:\/\/vagliademocratica.it\/?page_id=117","title":{"rendered":"INFORMATIVA SUI COOKIES"},"content":{"rendered":"\n<div class=\"wp-block-group\"><div class=\"wp-block-group__inner-container is-layout-constrained wp-block-group-is-layout-constrained\">\n<p><em>Si informa che su questo sito non si effettuano attivit\u00e0 pubblicitarie n\u00e9 sono stati implementati sistemi atti ad acquisire informazioni sugli utenti finalizzati ad attivit\u00e0 pubblicitarie commerciali. Il sito non ricorre pertanto a quelli che la normativa in vigore definisce \u201ccookie di profilazione\u201d finalizzati a \u201cinviare messaggi pubblicitari con le preferenze manifestate\u201d dall\u2019utente \u201cnell\u2019ambito della navigazione in rete\u201d.<\/em><\/p>\n\n\n\n<p><em>I cookie rilasciati da questo sito sono di tipo tecnico, ovvero di sessione, e cookie di profilazione non a scopi commerciali connessi alle funzionalit\u00e0 del sito.<\/em><\/p>\n\n\n\n<p><em>Continuando ad utilizzare questo sito l\u2019utente acconsente all\u2019utilizzo dei cookie sul browser come descritto in questa cookie policy, a meno che non siano stati disattivati.Le pagine web del sito possono incorporare servizi (ad esempio multimediali, come Youtube, Vimeo o altri) forniti da parti terze e che occasionalmente possono anche visualizzare banner o spot pubblicitari il cui controllo non \u00e8 assolutamente gestibile localmente, come pure sui cookie da tali parti terze generati e alla cui gestione si rimanda. \u00c8 possibile modificare o disabilitare l\u2019uso dei cookie agendo nelle impostazioni del browser, ma \u2013 nel caso di cookie tecnici \u2013 parti del sito potrebbero non funzionare correttamente.<\/em><\/p>\n<\/div><\/div>\n\n\n\n<h2 class=\"wp-block-heading\"><strong>Informativa Estesa<\/strong><\/h2>\n\n\n\n<p><strong>Premesso che:<\/strong><\/p>\n\n\n\n<ul class=\"wp-block-list\">\n<li>il Garante della Privacy ha individuato delle modalit\u00e0 semplificate per l\u2019informativa e l\u2019acquisizione del consenso per l\u2019uso dei cookie&nbsp;(Normativa pubblicata sulla Gazzetta Ufficiale n. 126 del 3 giugno 2014);<\/li>\n\n\n\n<li>i cookie sono stringhe di testo di piccole dimensioni che i siti visitati dall\u2019utente inviano al suo terminale (solitamente al browser), dove vengono memorizzati per essere poi ritrasmessi agli stessi siti alla successiva visita del medesimo utente;<\/li>\n\n\n\n<li>nel corso della navigazione su un sito, l\u2019utente pu\u00f2 ricevere sul suo terminale anche cookie che vengono inviati da siti o da web server diversi (c.d. \u201cterze parti\u201d), sui quali possono risiedere alcuni elementi (quali, ad esempio, immagini, mappe, suoni, specifici link a pagine di altri domini) presenti sul sito che lo stesso sta visitando;<\/li>\n\n\n\n<li>i cookie, solitamente presenti nei browser degli utenti in numero molto elevato e a volte anche con caratteristiche di ampia persistenza temporale, sono usati per differenti finalit\u00e0:in attuazione delle disposizioni contenute nella direttiva 2009\/136\/CE vi \u00e8 l\u2019obbligo di acquisire il consenso preventivo e informato degli utenti all\u2019installazione di cookie utilizzati per finalit\u00e0 diverse da quelle meramente tecniche (cfr. art. 1, comma 5, lett. a), del d. lgs. 28 maggio 2012, n. 69, che ha modificato l\u2019art. 122 del Codice in materia di protezione dei dati personali;\n<ul class=\"wp-block-list\">\n<li>esecuzione di autenticazioni informatiche;<\/li>\n\n\n\n<li>monitoraggio di sessioni;<\/li>\n\n\n\n<li>memorizzazione di informazioni su specifiche configurazioni riguardanti gli utenti che accedono al server, ecc.<\/li>\n<\/ul>\n<\/li>\n\n\n\n<li>i cookie tecnici sono quelli utilizzati al solo fine di \u201ceffettuare la trasmissione di una comunicazione su una rete di comunicazione elettronica, o nella misura strettamente necessaria al fornitore di un servizio della societ\u00e0 dell\u2019informazione esplicitamente richiesto dall\u2019abbonato o dall\u2019utente a erogare tale servizio\u201d (cfr. art. 122, comma 1, del Codice);<\/li>\n\n\n\n<li>i cookie di profilazione sono volti a creare profili relativi all\u2019utente e vengono utilizzati al fine di inviare messaggi pubblicitari in linea con le preferenze manifestate dallo stesso nell\u2019ambito della navigazione in rete. In ragione della particolare invasivit\u00e0 che tali dispositivi possono avere nell\u2019ambito della sfera privata degli utenti, la normativa europea e italiana prevede che l\u2019utente debba essere adeguatamente informato sull\u2019uso degli stessi ed esprimere cos\u00ec il proprio valido consenso;<\/li>\n<\/ul>\n\n\n\n<p><strong>si informa che:<\/strong><\/p>\n\n\n\n<ul class=\"wp-block-list\">\n<li>sul sito&nbsp;non si effettuano attivit\u00e0 pubblicitarie n\u00e9 sono stati implementati sistemi finalizzati ad acquisire informazioni sugli utenti finalizzati ad attivit\u00e0 pubblicitarie;<\/li>\n\n\n\n<li>i cookie rilasciati dal sito&nbsp;sono di tipo tecnico per gestire le sessioni di navigazione tra le pagine;<\/li>\n\n\n\n<li>senza il ricorso a tali cookie, alcune operazioni non potrebbero essere compiute o sarebbero pi\u00f9 complesse e\/o meno sicure;<\/li>\n\n\n\n<li>il sito&nbsp;non ricorre a quelli che la normativa entrata in vigore definisce \u201ccookie di profilazione\u201d finalizzati a \u201cinviare messaggi pubblicitari con le preferenze manifestate\u201d dall\u2019utente \u201cnell\u2019ambito della navigazione in rete\u201d;<\/li>\n\n\n\n<li>il sito&nbsp;non ricorre pertanto all\u2019installazione di cookie utilizzati per finalit\u00e0 diverse da quelle meramente tecniche e funzionali alle finalit\u00e0 gestionali del sito stesso;<\/li>\n\n\n\n<li>oltre ai cookie \u201ctecnici\u201d, ovvero di sessione, il sito lascia anche un cookie di profilazione, che viene utilizzato per vari scopi (in genere riconoscimento utente) ma non scopi commerciali;<\/li>\n\n\n\n<li>il sito informa che vengono rilasciati questi cookie di profilazione non commerciale e informa l\u2019utente che solo per il fatto di navigare sul sito d\u00e0 il consenso al fatto che ci\u00f2 avvenga;<\/li>\n\n\n\n<li>sul sito possono essere incorporate funzionalit\u00e0 di siti terzi (come \u00e8 il caso dei servizi multimediali youtube.com, vimeo.com o altri) e in tal caso la trasparenza rispetto ai cookie deve essere garantita dai siti in questione che provvederanno a fornire una loro informativa in proposito.<\/li>\n<\/ul>\n\n\n\n<h2 class=\"wp-block-heading\"><strong>Conclusioni<\/strong><\/h2>\n\n\n\n<p>Continuando ad utilizzare il sito&nbsp;l\u2019utente acconsente all\u2019utilizzo dei cookie sul browser come descritto nella&nbsp;<strong><em>cookie policy&nbsp;<\/em><\/strong>qui redatta, a meno che non li disattivi. \u00c8 possibile modificare le impostazioni dei cookie nelle impostazioni del browser, ma parti del sito potrebbero non funzionare correttamente.<\/p>\n\n\n\n<p>Non viene inserita pubblicit\u00e0 commerciale sul sito, come non inserisce cookie di profilazione con finalit\u00e0 commerciali. Tuttavia, quando vengono inseriti contenuti multimediali di terze parti (come YouTube, Vimeo o simili) questi potrebbero rilasciare cookie di questo tipo.<\/p>\n\n\n\n<p>Il visitatore pu\u00f2 agire sul proprio browser per la disabilitazione dei cookie, come da procedure descritte in questi link:<\/p>\n\n\n\n<ul class=\"wp-block-list\">\n<li><strong>Disabilitazione dei cookie su&nbsp;<a href=\"https:\/\/support.mozilla.org\/it\/kb\/Attivare%20e%20disattivare%20i%20cookie\" target=\"_blank\" rel=\"noreferrer noopener\">Firefox<\/a><\/strong><\/li>\n\n\n\n<li><strong>Disabilitazione dei cookie su&nbsp;<a href=\"http:\/\/www.google.com\/policies\/technologies\/managing\/\" target=\"_blank\" rel=\"noreferrer noopener\">Chrome<\/a><\/strong><\/li>\n\n\n\n<li><strong>Disabilitazione dei cookie su&nbsp;<a href=\"http:\/\/windows.microsoft.com\/it-it\/internet-explorer\/delete-manage-cookies#ie=ie-11\" target=\"_blank\" rel=\"noreferrer noopener\">Internet Explorer\/Edge<\/a><\/strong><\/li>\n\n\n\n<li><strong>Disabilitazione dei cookie su&nbsp;<a href=\"http:\/\/support.apple.com\/kb\/HT1677?viewlocale=it_IT&amp;locale=it_IT\" target=\"_blank\" rel=\"noreferrer noopener\">Safari<\/a><\/strong><\/li>\n\n\n\n<li><strong>Disabilitazione dei cookie su&nbsp;<a href=\"http:\/\/help.opera.com\/Mac\/12.10\/it\/cookies.html\" target=\"_blank\" rel=\"noreferrer noopener\">Opera<\/a><\/strong><\/li>\n<\/ul>\n","protected":false},"excerpt":{"rendered":"<p>Si informa che su questo sito non si effettuano attivit\u00e0 pubblicitarie n\u00e9 sono stati implementati sistemi atti ad acquisire informazioni sugli utenti finalizzati ad attivit\u00e0 pubblicitarie commerciali. Il sito non ricorre pertanto a quelli che la normativa in vigore definisce \u201ccookie di profilazione\u201d finalizzati a \u201cinviare messaggi pubblicitari con le preferenze manifestate\u201d dall\u2019utente \u201cnell\u2019ambito della [&hellip;]<\/p>\n","protected":false},"author":1,"featured_media":0,"parent":0,"menu_order":0,"comment_status":"closed","ping_status":"closed","template":"","meta":{"footnotes":""},"class_list":["post-117","page","type-page","status-publish","hentry"],"_links":{"self":[{"href":"https:\/\/vagliademocratica.it\/index.php?rest_route=\/wp\/v2\/pages\/117","targetHints":{"allow":["GET"]}}],"collection":[{"href":"https:\/\/vagliademocratica.it\/index.php?rest_route=\/wp\/v2\/pages"}],"about":[{"href":"https:\/\/vagliademocratica.it\/index.php?rest_route=\/wp\/v2\/types\/page"}],"author":[{"embeddable":true,"href":"https:\/\/vagliademocratica.it\/index.php?rest_route=\/wp\/v2\/users\/1"}],"replies":[{"embeddable":true,"href":"https:\/\/vagliademocratica.it\/index.php?rest_route=%2Fwp%2Fv2%2Fcomments&post=117"}],"version-history":[{"count":6,"href":"https:\/\/vagliademocratica.it\/index.php?rest_route=\/wp\/v2\/pages\/117\/revisions"}],"predecessor-version":[{"id":125,"href":"https:\/\/vagliademocratica.it\/index.php?rest_route=\/wp\/v2\/pages\/117\/revisions\/125"}],"wp:attachment":[{"href":"https:\/\/vagliademocratica.it\/index.php?rest_route=%2Fwp%2Fv2%2Fmedia&parent=117"}],"curies":[{"name":"wp","href":"https:\/\/api.w.org\/{rel}","templated":true}]}}